{"id":745,"date":"2022-05-06T15:39:24","date_gmt":"2022-05-06T15:39:24","guid":{"rendered":"https:\/\/thelashbox.ca\/boutique\/non%20class\u00e9\/volume-lash-course\/"},"modified":"2023-06-30T15:30:16","modified_gmt":"2023-06-30T15:30:16","slug":"volume-lash-course","status":"publish","type":"product","link":"https:\/\/thelashbox.ca\/fr\/boutique\/formations\/volume-lash-course\/","title":{"rendered":"Formation cils volume"},"content":{"rendered":"<p>Formation d&rsquo;extension de cils volume<br \/>\n(priv\u00e9 ou semi-priv\u00e9) 2 Jours<br \/>\n-pr\u00e9-requis Cours d&rsquo;extension de cils classique<\/p>\n<p>La technique de volume est une m\u00e9thode avanc\u00e9e d&rsquo;extension de cils. Il s&rsquo;agit de l&rsquo;application de plusieurs extensions sur un cil naturel. Cette technique n\u00e9cessite une connaissance pr\u00e9alable de la technique classique<\/p>\n<p>-Jour 1 : Pratique<\/p>\n<p>-Jour 2 : \u00c9valuation<\/p>\n<p>(trousse de d\u00e9part incluse)<br \/>\nNos \u00c9tudiants ont droit \u00e0 20% de rabais sur les produits Lashbox prix r\u00e9gulier lors de leur formation et 10% de rabais \u00e0 vie.<\/p>\n","protected":false},"excerpt":{"rendered":"<p><strong>Inclue<\/strong><\/p>\n<p><strong>Lash Manual Book (40$) Ou Version Digitale<\/strong><\/p>\n<p><strong>Trousse de cils<\/strong><\/p>\n<ul>\n<li>Pinces d&rsquo;isolation<\/li>\n<li>Cils<\/li>\n<li>Pinces<\/li>\n<li>Colle<\/li>\n<li>Boite mixtes 1x C 12mm<\/li>\n<li>Boite mixtes 1x D12mm<\/li>\n<li>Boites mixtes 1x C 0.07mm<\/li>\n<li>Boites mixtes 1x D 0.07mm<\/li>\n<li>Pierre de Jade<\/li>\n<li>Dissolvant \u00e0 colle<\/li>\n<li>Spoolies<\/li>\n<li>Patches<\/li>\n<li>Ruban adhesifs<\/li>\n<li>S\u00e9choir \u00e0 cils<\/li>\n<li>Collants pour la colle<\/li>\n<li>Lash Maps<\/li>\n<li>Bande de cils de pratique<\/li>\n<\/ul>\n","protected":false},"featured_media":541,"comment_status":"open","ping_status":"closed","template":"","meta":{"_acf_changed":false},"product_brand":[],"product_cat":[83],"product_tag":[],"class_list":{"0":"post-745","1":"product","2":"type-product","3":"status-publish","4":"has-post-thumbnail","6":"product_cat-formations","7":"use-star-ratings","9":"first","10":"instock","11":"virtual","12":"taxable","13":"purchasable","14":"product-type-simple"},"acf":[],"yoast_head":"<!-- This site is optimized with the Yoast SEO plugin v27.5 - https:\/\/yoast.com\/product\/yoast-seo-wordpress\/ -->\n<title>Formation cils volume - The Lashbox - Lash extensions and accessories for professional stylists<\/title>\n<meta name=\"robots\" content=\"index, follow, max-snippet:-1, max-image-preview:large, max-video-preview:-1\" \/>\n<link rel=\"canonical\" href=\"https:\/\/thelashbox.ca\/fr\/boutique\/formations\/volume-lash-course\/\" \/>\n<meta property=\"og:locale\" content=\"fr_FR\" \/>\n<meta property=\"og:type\" content=\"article\" \/>\n<meta property=\"og:title\" content=\"Formation cils volume - The Lashbox - Lash extensions and accessories for professional stylists\" \/>\n<meta property=\"og:description\" content=\"Inclue  Lash Manual Book (40$) Ou Version Digitale  Trousse de cils   Pinces d&#039;isolation  Cils  Pinces  Colle  Boite mixtes 1x C 12mm  Boite mixtes 1x D12mm  Boites mixtes 1x C 0.07mm  Boites mixtes 1x D 0.07mm  Pierre de Jade  Dissolvant \u00e0 colle  Spoolies  Patches  Ruban adhesifs  S\u00e9choir \u00e0 cils  Collants pour la colle  Lash Maps  Bande de cils de pratique\" \/>\n<meta property=\"og:url\" content=\"https:\/\/thelashbox.ca\/fr\/boutique\/formations\/volume-lash-course\/\" \/>\n<meta property=\"og:site_name\" content=\"The Lashbox - Lash extensions and accessories for professional stylists\" \/>\n<meta property=\"article:modified_time\" content=\"2023-06-30T15:30:16+00:00\" \/>\n<meta property=\"og:image\" content=\"https:\/\/thelashbox.ca\/wp-content\/uploads\/2022\/07\/mission2.png\" \/>\n\t<meta property=\"og:image:width\" content=\"705\" \/>\n\t<meta property=\"og:image:height\" content=\"705\" \/>\n\t<meta property=\"og:image:type\" content=\"image\/png\" \/>\n<meta name=\"twitter:card\" content=\"summary_large_image\" \/>\n<meta name=\"twitter:label1\" content=\"Dur\u00e9e de lecture estim\u00e9e\" \/>\n\t<meta name=\"twitter:data1\" content=\"1 minute\" \/>\n<script type=\"application\/ld+json\" class=\"yoast-schema-graph\">{\"@context\":\"https:\\\/\\\/schema.org\",\"@graph\":[{\"@type\":\"WebPage\",\"@id\":\"https:\\\/\\\/thelashbox.ca\\\/fr\\\/boutique\\\/formations\\\/volume-lash-course\\\/\",\"url\":\"https:\\\/\\\/thelashbox.ca\\\/fr\\\/boutique\\\/formations\\\/volume-lash-course\\\/\",\"name\":\"Formation cils volume - The Lashbox - Lash extensions and accessories for professional stylists\",\"isPartOf\":{\"@id\":\"https:\\\/\\\/thelashbox.ca\\\/#website\"},\"primaryImageOfPage\":{\"@id\":\"https:\\\/\\\/thelashbox.ca\\\/fr\\\/boutique\\\/formations\\\/volume-lash-course\\\/#primaryimage\"},\"image\":{\"@id\":\"https:\\\/\\\/thelashbox.ca\\\/fr\\\/boutique\\\/formations\\\/volume-lash-course\\\/#primaryimage\"},\"thumbnailUrl\":\"https:\\\/\\\/thelashbox.ca\\\/wp-content\\\/uploads\\\/2022\\\/07\\\/mission2.png\",\"datePublished\":\"2022-05-06T15:39:24+00:00\",\"dateModified\":\"2023-06-30T15:30:16+00:00\",\"breadcrumb\":{\"@id\":\"https:\\\/\\\/thelashbox.ca\\\/fr\\\/boutique\\\/formations\\\/volume-lash-course\\\/#breadcrumb\"},\"inLanguage\":\"fr-FR\",\"potentialAction\":[{\"@type\":\"ReadAction\",\"target\":[\"https:\\\/\\\/thelashbox.ca\\\/fr\\\/boutique\\\/formations\\\/volume-lash-course\\\/\"]}]},{\"@type\":\"ImageObject\",\"inLanguage\":\"fr-FR\",\"@id\":\"https:\\\/\\\/thelashbox.ca\\\/fr\\\/boutique\\\/formations\\\/volume-lash-course\\\/#primaryimage\",\"url\":\"https:\\\/\\\/thelashbox.ca\\\/wp-content\\\/uploads\\\/2022\\\/07\\\/mission2.png\",\"contentUrl\":\"https:\\\/\\\/thelashbox.ca\\\/wp-content\\\/uploads\\\/2022\\\/07\\\/mission2.png\",\"width\":705,\"height\":705},{\"@type\":\"BreadcrumbList\",\"@id\":\"https:\\\/\\\/thelashbox.ca\\\/fr\\\/boutique\\\/formations\\\/volume-lash-course\\\/#breadcrumb\",\"itemListElement\":[{\"@type\":\"ListItem\",\"position\":1,\"name\":\"Home\",\"item\":\"https:\\\/\\\/thelashbox.ca\\\/fr\\\/\"},{\"@type\":\"ListItem\",\"position\":2,\"name\":\"Nos produits\",\"item\":\"https:\\\/\\\/thelashbox.ca\\\/fr\\\/nos-produits\\\/\"},{\"@type\":\"ListItem\",\"position\":3,\"name\":\"Formation cils volume\"}]},{\"@type\":\"WebSite\",\"@id\":\"https:\\\/\\\/thelashbox.ca\\\/#website\",\"url\":\"https:\\\/\\\/thelashbox.ca\\\/\",\"name\":\"The Lashbox - Lash extensions and accessories for professional stylists\",\"description\":\"Lash extensions and accessories for professional stylists\",\"potentialAction\":[{\"@type\":\"SearchAction\",\"target\":{\"@type\":\"EntryPoint\",\"urlTemplate\":\"https:\\\/\\\/thelashbox.ca\\\/?s={search_term_string}\"},\"query-input\":{\"@type\":\"PropertyValueSpecification\",\"valueRequired\":true,\"valueName\":\"search_term_string\"}}],\"inLanguage\":\"fr-FR\"}]}<\/script>\n<!-- \/ Yoast SEO plugin. -->","yoast_head_json":{"title":"Formation cils volume - The Lashbox - Lash extensions and accessories for professional stylists","robots":{"index":"index","follow":"follow","max-snippet":"max-snippet:-1","max-image-preview":"max-image-preview:large","max-video-preview":"max-video-preview:-1"},"canonical":"https:\/\/thelashbox.ca\/fr\/boutique\/formations\/volume-lash-course\/","og_locale":"fr_FR","og_type":"article","og_title":"Formation cils volume - The Lashbox - Lash extensions and accessories for professional stylists","og_description":"Inclue  Lash Manual Book (40$) Ou Version Digitale  Trousse de cils   Pinces d'isolation  Cils  Pinces  Colle  Boite mixtes 1x C 12mm  Boite mixtes 1x D12mm  Boites mixtes 1x C 0.07mm  Boites mixtes 1x D 0.07mm  Pierre de Jade  Dissolvant \u00e0 colle  Spoolies  Patches  Ruban adhesifs  S\u00e9choir \u00e0 cils  Collants pour la colle  Lash Maps  Bande de cils de pratique","og_url":"https:\/\/thelashbox.ca\/fr\/boutique\/formations\/volume-lash-course\/","og_site_name":"The Lashbox - Lash extensions and accessories for professional stylists","article_modified_time":"2023-06-30T15:30:16+00:00","og_image":[{"width":705,"height":705,"url":"https:\/\/thelashbox.ca\/wp-content\/uploads\/2022\/07\/mission2.png","type":"image\/png"}],"twitter_card":"summary_large_image","twitter_misc":{"Dur\u00e9e de lecture estim\u00e9e":"1 minute"},"schema":{"@context":"https:\/\/schema.org","@graph":[{"@type":"WebPage","@id":"https:\/\/thelashbox.ca\/fr\/boutique\/formations\/volume-lash-course\/","url":"https:\/\/thelashbox.ca\/fr\/boutique\/formations\/volume-lash-course\/","name":"Formation cils volume - The Lashbox - Lash extensions and accessories for professional stylists","isPartOf":{"@id":"https:\/\/thelashbox.ca\/#website"},"primaryImageOfPage":{"@id":"https:\/\/thelashbox.ca\/fr\/boutique\/formations\/volume-lash-course\/#primaryimage"},"image":{"@id":"https:\/\/thelashbox.ca\/fr\/boutique\/formations\/volume-lash-course\/#primaryimage"},"thumbnailUrl":"https:\/\/thelashbox.ca\/wp-content\/uploads\/2022\/07\/mission2.png","datePublished":"2022-05-06T15:39:24+00:00","dateModified":"2023-06-30T15:30:16+00:00","breadcrumb":{"@id":"https:\/\/thelashbox.ca\/fr\/boutique\/formations\/volume-lash-course\/#breadcrumb"},"inLanguage":"fr-FR","potentialAction":[{"@type":"ReadAction","target":["https:\/\/thelashbox.ca\/fr\/boutique\/formations\/volume-lash-course\/"]}]},{"@type":"ImageObject","inLanguage":"fr-FR","@id":"https:\/\/thelashbox.ca\/fr\/boutique\/formations\/volume-lash-course\/#primaryimage","url":"https:\/\/thelashbox.ca\/wp-content\/uploads\/2022\/07\/mission2.png","contentUrl":"https:\/\/thelashbox.ca\/wp-content\/uploads\/2022\/07\/mission2.png","width":705,"height":705},{"@type":"BreadcrumbList","@id":"https:\/\/thelashbox.ca\/fr\/boutique\/formations\/volume-lash-course\/#breadcrumb","itemListElement":[{"@type":"ListItem","position":1,"name":"Home","item":"https:\/\/thelashbox.ca\/fr\/"},{"@type":"ListItem","position":2,"name":"Nos produits","item":"https:\/\/thelashbox.ca\/fr\/nos-produits\/"},{"@type":"ListItem","position":3,"name":"Formation cils volume"}]},{"@type":"WebSite","@id":"https:\/\/thelashbox.ca\/#website","url":"https:\/\/thelashbox.ca\/","name":"The Lashbox - Lash extensions and accessories for professional stylists","description":"Lash extensions and accessories for professional stylists","potentialAction":[{"@type":"SearchAction","target":{"@type":"EntryPoint","urlTemplate":"https:\/\/thelashbox.ca\/?s={search_term_string}"},"query-input":{"@type":"PropertyValueSpecification","valueRequired":true,"valueName":"search_term_string"}}],"inLanguage":"fr-FR"}]}},"_links":{"self":[{"href":"https:\/\/thelashbox.ca\/fr\/wp-json\/wp\/v2\/product\/745","targetHints":{"allow":["GET"]}}],"collection":[{"href":"https:\/\/thelashbox.ca\/fr\/wp-json\/wp\/v2\/product"}],"about":[{"href":"https:\/\/thelashbox.ca\/fr\/wp-json\/wp\/v2\/types\/product"}],"replies":[{"embeddable":true,"href":"https:\/\/thelashbox.ca\/fr\/wp-json\/wp\/v2\/comments?post=745"}],"wp:featuredmedia":[{"embeddable":true,"href":"https:\/\/thelashbox.ca\/fr\/wp-json\/wp\/v2\/media\/541"}],"wp:attachment":[{"href":"https:\/\/thelashbox.ca\/fr\/wp-json\/wp\/v2\/media?parent=745"}],"wp:term":[{"taxonomy":"product_brand","embeddable":true,"href":"https:\/\/thelashbox.ca\/fr\/wp-json\/wp\/v2\/product_brand?post=745"},{"taxonomy":"product_cat","embeddable":true,"href":"https:\/\/thelashbox.ca\/fr\/wp-json\/wp\/v2\/product_cat?post=745"},{"taxonomy":"product_tag","embeddable":true,"href":"https:\/\/thelashbox.ca\/fr\/wp-json\/wp\/v2\/product_tag?post=745"}],"curies":[{"name":"wp","href":"https:\/\/api.w.org\/{rel}","templated":true}]}}