{"id":744,"date":"2022-05-13T17:04:08","date_gmt":"2022-05-13T17:04:08","guid":{"rendered":"https:\/\/thelashbox.ca\/boutique\/non%20class\u00e9\/volume-lash-course-copie\/"},"modified":"2025-03-02T11:35:43","modified_gmt":"2025-03-02T11:35:43","slug":"formation-extension-de-cils","status":"publish","type":"product","link":"https:\/\/thelashbox.ca\/fr\/boutique\/formations\/formation-extension-de-cils\/","title":{"rendered":"Formation extension de cils"},"content":{"rendered":"<p>Formation extension de cils classique 950$<br \/>\nApprendre \u00e0 isoler les cils et l&rsquo;application d&rsquo;un cil sur l&rsquo;autre est \u00e0 la base d&rsquo;une excellente pose classique.<br \/>\n(priv\u00e9 ou semi-priv\u00e9) 3 Jours<\/p>\n<p>-Jour 1 : Th\u00e9orie<br \/>\n                Pratique sur une t\u00eate de mannequin<br \/>\n-Jour 2 : Pratique sur une personne mod\u00e8le<\/p>\n<p>-Jour 3 : \u00c9valuation<\/p>\n<p>(Trousse de d\u00e9part incluse)<\/p>\n<p>Nos etudiants ont droit \u00e0 20% de Rabais sur les produits Lashbox \u00e0 prix r\u00e9gulier lors de leur formation et 10% de rabais \u00e0 vie.<\/p>\n","protected":false},"excerpt":{"rendered":"<p><strong>Inclue<\/strong><\/p>\n<p><strong>Lash Manual Book (40$) Ou Version Num\u00e9rique<\/strong><\/p>\n<p><strong>Trousse de cils<\/strong><\/p>\n<ul>\n<li>Pinces d&rsquo;isolation<\/li>\n<li>Cils<\/li>\n<li>Pinces<\/li>\n<li>Boite mixtes 1x C 12mm<\/li>\n<li>Colle<\/li>\n<li>Boite mixtes 1x D 12mm<\/li>\n<li>Pierre de Jade<\/li>\n<li>Dissolvant \u00e0 colle<\/li>\n<li>Spoolies<\/li>\n<li>Patches<\/li>\n<li>Tape<\/li>\n<li>S\u00e9choir \u00e0 cils<\/li>\n<li>Collants pour la colle<\/li>\n<li>Guide de lash map<\/li>\n<li>Bande de cils de pratique<\/li>\n<\/ul>\n","protected":false},"featured_media":560,"comment_status":"open","ping_status":"closed","template":"","meta":{"_acf_changed":false},"product_brand":[],"product_cat":[83],"product_tag":[],"class_list":{"0":"post-744","1":"product","2":"type-product","3":"status-publish","4":"has-post-thumbnail","6":"product_cat-formations","7":"use-star-ratings","9":"first","10":"instock","11":"virtual","12":"taxable","13":"purchasable","14":"product-type-simple"},"acf":[],"yoast_head":"<!-- This site is optimized with the Yoast SEO plugin v27.5 - https:\/\/yoast.com\/product\/yoast-seo-wordpress\/ -->\n<title>Formation extension de cils - The Lashbox - Lash extensions and accessories for professional stylists<\/title>\n<meta name=\"robots\" content=\"index, follow, max-snippet:-1, max-image-preview:large, max-video-preview:-1\" \/>\n<link rel=\"canonical\" href=\"https:\/\/thelashbox.ca\/fr\/boutique\/extensions-de-cils\/accessoires-fr-2\/formation-extension-de-cils\/\" \/>\n<meta property=\"og:locale\" content=\"fr_FR\" \/>\n<meta property=\"og:type\" content=\"article\" \/>\n<meta property=\"og:title\" content=\"Formation extension de cils - The Lashbox - Lash extensions and accessories for professional stylists\" \/>\n<meta property=\"og:description\" content=\"Inclue  Lash Manual Book (40$) Ou Version Num\u00e9rique  Trousse de cils   Pinces d&#039;isolation  Cils  Pinces  Boite mixtes 1x C 12mm  Colle  Boite mixtes 1x D 12mm  Pierre de Jade  Dissolvant \u00e0 colle  Spoolies  Patches  Tape  S\u00e9choir \u00e0 cils  Collants pour la colle  Guide de lash map  Bande de cils de pratique\" \/>\n<meta property=\"og:url\" content=\"https:\/\/thelashbox.ca\/fr\/boutique\/extensions-de-cils\/accessoires-fr-2\/formation-extension-de-cils\/\" \/>\n<meta property=\"og:site_name\" content=\"The Lashbox - Lash extensions and accessories for professional stylists\" \/>\n<meta property=\"article:modified_time\" content=\"2025-03-02T11:35:43+00:00\" \/>\n<meta property=\"og:image\" content=\"https:\/\/thelashbox.ca\/wp-content\/uploads\/2022\/07\/shutterstock_1268734336-1-2.png\" \/>\n\t<meta property=\"og:image:width\" content=\"390\" \/>\n\t<meta property=\"og:image:height\" content=\"774\" \/>\n\t<meta property=\"og:image:type\" content=\"image\/png\" \/>\n<meta name=\"twitter:card\" content=\"summary_large_image\" \/>\n<meta name=\"twitter:label1\" content=\"Dur\u00e9e de lecture estim\u00e9e\" \/>\n\t<meta name=\"twitter:data1\" content=\"1 minute\" \/>\n<script type=\"application\/ld+json\" class=\"yoast-schema-graph\">{\"@context\":\"https:\\\/\\\/schema.org\",\"@graph\":[{\"@type\":\"WebPage\",\"@id\":\"https:\\\/\\\/thelashbox.ca\\\/fr\\\/boutique\\\/extensions-de-cils\\\/accessoires-fr-2\\\/formation-extension-de-cils\\\/\",\"url\":\"https:\\\/\\\/thelashbox.ca\\\/fr\\\/boutique\\\/extensions-de-cils\\\/accessoires-fr-2\\\/formation-extension-de-cils\\\/\",\"name\":\"Formation extension de cils - The Lashbox - Lash extensions and accessories for professional stylists\",\"isPartOf\":{\"@id\":\"https:\\\/\\\/thelashbox.ca\\\/#website\"},\"primaryImageOfPage\":{\"@id\":\"https:\\\/\\\/thelashbox.ca\\\/fr\\\/boutique\\\/extensions-de-cils\\\/accessoires-fr-2\\\/formation-extension-de-cils\\\/#primaryimage\"},\"image\":{\"@id\":\"https:\\\/\\\/thelashbox.ca\\\/fr\\\/boutique\\\/extensions-de-cils\\\/accessoires-fr-2\\\/formation-extension-de-cils\\\/#primaryimage\"},\"thumbnailUrl\":\"https:\\\/\\\/thelashbox.ca\\\/wp-content\\\/uploads\\\/2022\\\/07\\\/shutterstock_1268734336-1-2.png\",\"datePublished\":\"2022-05-13T17:04:08+00:00\",\"dateModified\":\"2025-03-02T11:35:43+00:00\",\"breadcrumb\":{\"@id\":\"https:\\\/\\\/thelashbox.ca\\\/fr\\\/boutique\\\/extensions-de-cils\\\/accessoires-fr-2\\\/formation-extension-de-cils\\\/#breadcrumb\"},\"inLanguage\":\"fr-FR\",\"potentialAction\":[{\"@type\":\"ReadAction\",\"target\":[\"https:\\\/\\\/thelashbox.ca\\\/fr\\\/boutique\\\/extensions-de-cils\\\/accessoires-fr-2\\\/formation-extension-de-cils\\\/\"]}]},{\"@type\":\"ImageObject\",\"inLanguage\":\"fr-FR\",\"@id\":\"https:\\\/\\\/thelashbox.ca\\\/fr\\\/boutique\\\/extensions-de-cils\\\/accessoires-fr-2\\\/formation-extension-de-cils\\\/#primaryimage\",\"url\":\"https:\\\/\\\/thelashbox.ca\\\/wp-content\\\/uploads\\\/2022\\\/07\\\/shutterstock_1268734336-1-2.png\",\"contentUrl\":\"https:\\\/\\\/thelashbox.ca\\\/wp-content\\\/uploads\\\/2022\\\/07\\\/shutterstock_1268734336-1-2.png\",\"width\":390,\"height\":774},{\"@type\":\"BreadcrumbList\",\"@id\":\"https:\\\/\\\/thelashbox.ca\\\/fr\\\/boutique\\\/extensions-de-cils\\\/accessoires-fr-2\\\/formation-extension-de-cils\\\/#breadcrumb\",\"itemListElement\":[{\"@type\":\"ListItem\",\"position\":1,\"name\":\"Home\",\"item\":\"https:\\\/\\\/thelashbox.ca\\\/fr\\\/\"},{\"@type\":\"ListItem\",\"position\":2,\"name\":\"Nos produits\",\"item\":\"https:\\\/\\\/thelashbox.ca\\\/fr\\\/nos-produits\\\/\"},{\"@type\":\"ListItem\",\"position\":3,\"name\":\"Formation extension de cils\"}]},{\"@type\":\"WebSite\",\"@id\":\"https:\\\/\\\/thelashbox.ca\\\/#website\",\"url\":\"https:\\\/\\\/thelashbox.ca\\\/\",\"name\":\"The Lashbox - Lash extensions and accessories for professional stylists\",\"description\":\"Lash extensions and accessories for professional stylists\",\"potentialAction\":[{\"@type\":\"SearchAction\",\"target\":{\"@type\":\"EntryPoint\",\"urlTemplate\":\"https:\\\/\\\/thelashbox.ca\\\/?s={search_term_string}\"},\"query-input\":{\"@type\":\"PropertyValueSpecification\",\"valueRequired\":true,\"valueName\":\"search_term_string\"}}],\"inLanguage\":\"fr-FR\"}]}<\/script>\n<!-- \/ Yoast SEO plugin. -->","yoast_head_json":{"title":"Formation extension de cils - The Lashbox - Lash extensions and accessories for professional stylists","robots":{"index":"index","follow":"follow","max-snippet":"max-snippet:-1","max-image-preview":"max-image-preview:large","max-video-preview":"max-video-preview:-1"},"canonical":"https:\/\/thelashbox.ca\/fr\/boutique\/extensions-de-cils\/accessoires-fr-2\/formation-extension-de-cils\/","og_locale":"fr_FR","og_type":"article","og_title":"Formation extension de cils - The Lashbox - Lash extensions and accessories for professional stylists","og_description":"Inclue  Lash Manual Book (40$) Ou Version Num\u00e9rique  Trousse de cils   Pinces d'isolation  Cils  Pinces  Boite mixtes 1x C 12mm  Colle  Boite mixtes 1x D 12mm  Pierre de Jade  Dissolvant \u00e0 colle  Spoolies  Patches  Tape  S\u00e9choir \u00e0 cils  Collants pour la colle  Guide de lash map  Bande de cils de pratique","og_url":"https:\/\/thelashbox.ca\/fr\/boutique\/extensions-de-cils\/accessoires-fr-2\/formation-extension-de-cils\/","og_site_name":"The Lashbox - Lash extensions and accessories for professional stylists","article_modified_time":"2025-03-02T11:35:43+00:00","og_image":[{"width":390,"height":774,"url":"https:\/\/thelashbox.ca\/wp-content\/uploads\/2022\/07\/shutterstock_1268734336-1-2.png","type":"image\/png"}],"twitter_card":"summary_large_image","twitter_misc":{"Dur\u00e9e de lecture estim\u00e9e":"1 minute"},"schema":{"@context":"https:\/\/schema.org","@graph":[{"@type":"WebPage","@id":"https:\/\/thelashbox.ca\/fr\/boutique\/extensions-de-cils\/accessoires-fr-2\/formation-extension-de-cils\/","url":"https:\/\/thelashbox.ca\/fr\/boutique\/extensions-de-cils\/accessoires-fr-2\/formation-extension-de-cils\/","name":"Formation extension de cils - The Lashbox - Lash extensions and accessories for professional stylists","isPartOf":{"@id":"https:\/\/thelashbox.ca\/#website"},"primaryImageOfPage":{"@id":"https:\/\/thelashbox.ca\/fr\/boutique\/extensions-de-cils\/accessoires-fr-2\/formation-extension-de-cils\/#primaryimage"},"image":{"@id":"https:\/\/thelashbox.ca\/fr\/boutique\/extensions-de-cils\/accessoires-fr-2\/formation-extension-de-cils\/#primaryimage"},"thumbnailUrl":"https:\/\/thelashbox.ca\/wp-content\/uploads\/2022\/07\/shutterstock_1268734336-1-2.png","datePublished":"2022-05-13T17:04:08+00:00","dateModified":"2025-03-02T11:35:43+00:00","breadcrumb":{"@id":"https:\/\/thelashbox.ca\/fr\/boutique\/extensions-de-cils\/accessoires-fr-2\/formation-extension-de-cils\/#breadcrumb"},"inLanguage":"fr-FR","potentialAction":[{"@type":"ReadAction","target":["https:\/\/thelashbox.ca\/fr\/boutique\/extensions-de-cils\/accessoires-fr-2\/formation-extension-de-cils\/"]}]},{"@type":"ImageObject","inLanguage":"fr-FR","@id":"https:\/\/thelashbox.ca\/fr\/boutique\/extensions-de-cils\/accessoires-fr-2\/formation-extension-de-cils\/#primaryimage","url":"https:\/\/thelashbox.ca\/wp-content\/uploads\/2022\/07\/shutterstock_1268734336-1-2.png","contentUrl":"https:\/\/thelashbox.ca\/wp-content\/uploads\/2022\/07\/shutterstock_1268734336-1-2.png","width":390,"height":774},{"@type":"BreadcrumbList","@id":"https:\/\/thelashbox.ca\/fr\/boutique\/extensions-de-cils\/accessoires-fr-2\/formation-extension-de-cils\/#breadcrumb","itemListElement":[{"@type":"ListItem","position":1,"name":"Home","item":"https:\/\/thelashbox.ca\/fr\/"},{"@type":"ListItem","position":2,"name":"Nos produits","item":"https:\/\/thelashbox.ca\/fr\/nos-produits\/"},{"@type":"ListItem","position":3,"name":"Formation extension de cils"}]},{"@type":"WebSite","@id":"https:\/\/thelashbox.ca\/#website","url":"https:\/\/thelashbox.ca\/","name":"The Lashbox - Lash extensions and accessories for professional stylists","description":"Lash extensions and accessories for professional stylists","potentialAction":[{"@type":"SearchAction","target":{"@type":"EntryPoint","urlTemplate":"https:\/\/thelashbox.ca\/?s={search_term_string}"},"query-input":{"@type":"PropertyValueSpecification","valueRequired":true,"valueName":"search_term_string"}}],"inLanguage":"fr-FR"}]}},"_links":{"self":[{"href":"https:\/\/thelashbox.ca\/fr\/wp-json\/wp\/v2\/product\/744","targetHints":{"allow":["GET"]}}],"collection":[{"href":"https:\/\/thelashbox.ca\/fr\/wp-json\/wp\/v2\/product"}],"about":[{"href":"https:\/\/thelashbox.ca\/fr\/wp-json\/wp\/v2\/types\/product"}],"replies":[{"embeddable":true,"href":"https:\/\/thelashbox.ca\/fr\/wp-json\/wp\/v2\/comments?post=744"}],"wp:featuredmedia":[{"embeddable":true,"href":"https:\/\/thelashbox.ca\/fr\/wp-json\/wp\/v2\/media\/560"}],"wp:attachment":[{"href":"https:\/\/thelashbox.ca\/fr\/wp-json\/wp\/v2\/media?parent=744"}],"wp:term":[{"taxonomy":"product_brand","embeddable":true,"href":"https:\/\/thelashbox.ca\/fr\/wp-json\/wp\/v2\/product_brand?post=744"},{"taxonomy":"product_cat","embeddable":true,"href":"https:\/\/thelashbox.ca\/fr\/wp-json\/wp\/v2\/product_cat?post=744"},{"taxonomy":"product_tag","embeddable":true,"href":"https:\/\/thelashbox.ca\/fr\/wp-json\/wp\/v2\/product_tag?post=744"}],"curies":[{"name":"wp","href":"https:\/\/api.w.org\/{rel}","templated":true}]}}