{"id":706,"date":"2022-05-06T14:42:53","date_gmt":"2022-05-06T14:42:53","guid":{"rendered":"https:\/\/thelashbox.ca\/?post_type=product&#038;p=706"},"modified":"2022-10-24T19:02:44","modified_gmt":"2022-10-24T19:02:44","slug":"combo-classique-volume","status":"publish","type":"product","link":"https:\/\/thelashbox.ca\/fr\/boutique\/formations\/combo-classique-volume\/","title":{"rendered":"Combo classique &#038; volume"},"content":{"rendered":"<p>Lorem ipsum dolor sit amet, consectetur adipiscing elit. Suspendisse lacinia ut elit eget cursus. Aliquam elit sem, cursus sit amet porta id, condimentum faucibus est. Proin rutrum efficitur sem quis malesuada.<\/p>\n","protected":false},"excerpt":{"rendered":"<p><strong>Inclue<\/strong><\/p>\n<p><strong>Lash Manual Book (40$) Ou Version Digitale<\/strong><\/p>\n<p><strong>Trousses de cils<\/strong><\/p>\n<ul>\n<li>Pinces d&rsquo;isolation<\/li>\n<li>Cils<\/li>\n<li>Pinces<\/li>\n<li>Colle<\/li>\n<li>Boite mixtes 1x C 12mm<\/li>\n<li>Boite mixtes 1x D12mm<\/li>\n<li>Boites mixtes 1x C 0.07mm<\/li>\n<li>Boites mixtes 1x D 0.07mm<\/li>\n<li>Pierre de Jade<\/li>\n<li>Dissolvant \u00e0 colle<\/li>\n<li>Spoolies<\/li>\n<li>Patches<\/li>\n<li>Ruban adh\u00e9sifs<\/li>\n<li>S\u00e9choir \u00e0 cils<\/li>\n<li>Collants pour la colle<\/li>\n<li>Lash Maps<\/li>\n<li>Bande de cils de pratique<\/li>\n<\/ul>\n","protected":false},"featured_media":1204,"comment_status":"open","ping_status":"closed","template":"","meta":{"_acf_changed":false},"product_brand":[],"product_cat":[83],"product_tag":[],"class_list":{"0":"post-706","1":"product","2":"type-product","3":"status-publish","4":"has-post-thumbnail","6":"product_cat-formations","7":"use-star-ratings","9":"first","10":"instock","11":"virtual","12":"taxable","13":"purchasable","14":"product-type-simple"},"acf":[],"yoast_head":"<!-- This site is optimized with the Yoast SEO plugin v27.5 - https:\/\/yoast.com\/product\/yoast-seo-wordpress\/ -->\n<title>Combo classique &amp; volume - The Lashbox - Lash extensions and accessories for professional stylists<\/title>\n<meta name=\"robots\" content=\"index, follow, max-snippet:-1, max-image-preview:large, max-video-preview:-1\" \/>\n<link rel=\"canonical\" href=\"https:\/\/thelashbox.ca\/fr\/boutique\/non-classe\/combo-classique-volume\/\" \/>\n<meta property=\"og:locale\" content=\"fr_FR\" \/>\n<meta property=\"og:type\" content=\"article\" \/>\n<meta property=\"og:title\" content=\"Combo classique &amp; volume - The Lashbox - Lash extensions and accessories for professional stylists\" \/>\n<meta property=\"og:description\" content=\"Inclue  Lash Manual Book (40$) Ou Version Digitale  Trousses de cils   Pinces d&#039;isolation  Cils  Pinces  Colle  Boite mixtes 1x C 12mm  Boite mixtes 1x D12mm  Boites mixtes 1x C 0.07mm  Boites mixtes 1x D 0.07mm  Pierre de Jade  Dissolvant \u00e0 colle  Spoolies  Patches  Ruban adh\u00e9sifs  S\u00e9choir \u00e0 cils  Collants pour la colle  Lash Maps  Bande de cils de pratique\" \/>\n<meta property=\"og:url\" content=\"https:\/\/thelashbox.ca\/fr\/boutique\/non-classe\/combo-classique-volume\/\" \/>\n<meta property=\"og:site_name\" content=\"The Lashbox - Lash extensions and accessories for professional stylists\" \/>\n<meta property=\"article:modified_time\" content=\"2022-10-24T19:02:44+00:00\" \/>\n<meta name=\"twitter:card\" content=\"summary_large_image\" \/>\n<script type=\"application\/ld+json\" class=\"yoast-schema-graph\">{\"@context\":\"https:\\\/\\\/schema.org\",\"@graph\":[{\"@type\":\"WebPage\",\"@id\":\"https:\\\/\\\/thelashbox.ca\\\/fr\\\/boutique\\\/non-classe\\\/combo-classique-volume\\\/\",\"url\":\"https:\\\/\\\/thelashbox.ca\\\/fr\\\/boutique\\\/non-classe\\\/combo-classique-volume\\\/\",\"name\":\"Combo classique & volume - The Lashbox - Lash extensions and accessories for professional stylists\",\"isPartOf\":{\"@id\":\"https:\\\/\\\/thelashbox.ca\\\/#website\"},\"primaryImageOfPage\":{\"@id\":\"https:\\\/\\\/thelashbox.ca\\\/fr\\\/boutique\\\/non-classe\\\/combo-classique-volume\\\/#primaryimage\"},\"image\":{\"@id\":\"https:\\\/\\\/thelashbox.ca\\\/fr\\\/boutique\\\/non-classe\\\/combo-classique-volume\\\/#primaryimage\"},\"thumbnailUrl\":\"https:\\\/\\\/thelashbox.ca\\\/wp-content\\\/uploads\\\/2022\\\/05\\\/Dublin-eyelash-extensions-1024x682-1.jpg\",\"datePublished\":\"2022-05-06T14:42:53+00:00\",\"dateModified\":\"2022-10-24T19:02:44+00:00\",\"breadcrumb\":{\"@id\":\"https:\\\/\\\/thelashbox.ca\\\/fr\\\/boutique\\\/non-classe\\\/combo-classique-volume\\\/#breadcrumb\"},\"inLanguage\":\"fr-FR\",\"potentialAction\":[{\"@type\":\"ReadAction\",\"target\":[\"https:\\\/\\\/thelashbox.ca\\\/fr\\\/boutique\\\/non-classe\\\/combo-classique-volume\\\/\"]}]},{\"@type\":\"ImageObject\",\"inLanguage\":\"fr-FR\",\"@id\":\"https:\\\/\\\/thelashbox.ca\\\/fr\\\/boutique\\\/non-classe\\\/combo-classique-volume\\\/#primaryimage\",\"url\":\"https:\\\/\\\/thelashbox.ca\\\/wp-content\\\/uploads\\\/2022\\\/05\\\/Dublin-eyelash-extensions-1024x682-1.jpg\",\"contentUrl\":\"https:\\\/\\\/thelashbox.ca\\\/wp-content\\\/uploads\\\/2022\\\/05\\\/Dublin-eyelash-extensions-1024x682-1.jpg\",\"width\":1024,\"height\":682},{\"@type\":\"BreadcrumbList\",\"@id\":\"https:\\\/\\\/thelashbox.ca\\\/fr\\\/boutique\\\/non-classe\\\/combo-classique-volume\\\/#breadcrumb\",\"itemListElement\":[{\"@type\":\"ListItem\",\"position\":1,\"name\":\"Home\",\"item\":\"https:\\\/\\\/thelashbox.ca\\\/fr\\\/\"},{\"@type\":\"ListItem\",\"position\":2,\"name\":\"Nos produits\",\"item\":\"https:\\\/\\\/thelashbox.ca\\\/fr\\\/nos-produits\\\/\"},{\"@type\":\"ListItem\",\"position\":3,\"name\":\"Combo classique &#038; volume\"}]},{\"@type\":\"WebSite\",\"@id\":\"https:\\\/\\\/thelashbox.ca\\\/#website\",\"url\":\"https:\\\/\\\/thelashbox.ca\\\/\",\"name\":\"The Lashbox - Lash extensions and accessories for professional stylists\",\"description\":\"Lash extensions and accessories for professional stylists\",\"potentialAction\":[{\"@type\":\"SearchAction\",\"target\":{\"@type\":\"EntryPoint\",\"urlTemplate\":\"https:\\\/\\\/thelashbox.ca\\\/?s={search_term_string}\"},\"query-input\":{\"@type\":\"PropertyValueSpecification\",\"valueRequired\":true,\"valueName\":\"search_term_string\"}}],\"inLanguage\":\"fr-FR\"}]}<\/script>\n<!-- \/ Yoast SEO plugin. -->","yoast_head_json":{"title":"Combo classique & volume - The Lashbox - Lash extensions and accessories for professional stylists","robots":{"index":"index","follow":"follow","max-snippet":"max-snippet:-1","max-image-preview":"max-image-preview:large","max-video-preview":"max-video-preview:-1"},"canonical":"https:\/\/thelashbox.ca\/fr\/boutique\/non-classe\/combo-classique-volume\/","og_locale":"fr_FR","og_type":"article","og_title":"Combo classique & volume - The Lashbox - Lash extensions and accessories for professional stylists","og_description":"Inclue  Lash Manual Book (40$) Ou Version Digitale  Trousses de cils   Pinces d'isolation  Cils  Pinces  Colle  Boite mixtes 1x C 12mm  Boite mixtes 1x D12mm  Boites mixtes 1x C 0.07mm  Boites mixtes 1x D 0.07mm  Pierre de Jade  Dissolvant \u00e0 colle  Spoolies  Patches  Ruban adh\u00e9sifs  S\u00e9choir \u00e0 cils  Collants pour la colle  Lash Maps  Bande de cils de pratique","og_url":"https:\/\/thelashbox.ca\/fr\/boutique\/non-classe\/combo-classique-volume\/","og_site_name":"The Lashbox - Lash extensions and accessories for professional stylists","article_modified_time":"2022-10-24T19:02:44+00:00","twitter_card":"summary_large_image","schema":{"@context":"https:\/\/schema.org","@graph":[{"@type":"WebPage","@id":"https:\/\/thelashbox.ca\/fr\/boutique\/non-classe\/combo-classique-volume\/","url":"https:\/\/thelashbox.ca\/fr\/boutique\/non-classe\/combo-classique-volume\/","name":"Combo classique & volume - The Lashbox - Lash extensions and accessories for professional stylists","isPartOf":{"@id":"https:\/\/thelashbox.ca\/#website"},"primaryImageOfPage":{"@id":"https:\/\/thelashbox.ca\/fr\/boutique\/non-classe\/combo-classique-volume\/#primaryimage"},"image":{"@id":"https:\/\/thelashbox.ca\/fr\/boutique\/non-classe\/combo-classique-volume\/#primaryimage"},"thumbnailUrl":"https:\/\/thelashbox.ca\/wp-content\/uploads\/2022\/05\/Dublin-eyelash-extensions-1024x682-1.jpg","datePublished":"2022-05-06T14:42:53+00:00","dateModified":"2022-10-24T19:02:44+00:00","breadcrumb":{"@id":"https:\/\/thelashbox.ca\/fr\/boutique\/non-classe\/combo-classique-volume\/#breadcrumb"},"inLanguage":"fr-FR","potentialAction":[{"@type":"ReadAction","target":["https:\/\/thelashbox.ca\/fr\/boutique\/non-classe\/combo-classique-volume\/"]}]},{"@type":"ImageObject","inLanguage":"fr-FR","@id":"https:\/\/thelashbox.ca\/fr\/boutique\/non-classe\/combo-classique-volume\/#primaryimage","url":"https:\/\/thelashbox.ca\/wp-content\/uploads\/2022\/05\/Dublin-eyelash-extensions-1024x682-1.jpg","contentUrl":"https:\/\/thelashbox.ca\/wp-content\/uploads\/2022\/05\/Dublin-eyelash-extensions-1024x682-1.jpg","width":1024,"height":682},{"@type":"BreadcrumbList","@id":"https:\/\/thelashbox.ca\/fr\/boutique\/non-classe\/combo-classique-volume\/#breadcrumb","itemListElement":[{"@type":"ListItem","position":1,"name":"Home","item":"https:\/\/thelashbox.ca\/fr\/"},{"@type":"ListItem","position":2,"name":"Nos produits","item":"https:\/\/thelashbox.ca\/fr\/nos-produits\/"},{"@type":"ListItem","position":3,"name":"Combo classique &#038; volume"}]},{"@type":"WebSite","@id":"https:\/\/thelashbox.ca\/#website","url":"https:\/\/thelashbox.ca\/","name":"The Lashbox - Lash extensions and accessories for professional stylists","description":"Lash extensions and accessories for professional stylists","potentialAction":[{"@type":"SearchAction","target":{"@type":"EntryPoint","urlTemplate":"https:\/\/thelashbox.ca\/?s={search_term_string}"},"query-input":{"@type":"PropertyValueSpecification","valueRequired":true,"valueName":"search_term_string"}}],"inLanguage":"fr-FR"}]}},"_links":{"self":[{"href":"https:\/\/thelashbox.ca\/fr\/wp-json\/wp\/v2\/product\/706","targetHints":{"allow":["GET"]}}],"collection":[{"href":"https:\/\/thelashbox.ca\/fr\/wp-json\/wp\/v2\/product"}],"about":[{"href":"https:\/\/thelashbox.ca\/fr\/wp-json\/wp\/v2\/types\/product"}],"replies":[{"embeddable":true,"href":"https:\/\/thelashbox.ca\/fr\/wp-json\/wp\/v2\/comments?post=706"}],"wp:featuredmedia":[{"embeddable":true,"href":"https:\/\/thelashbox.ca\/fr\/wp-json\/wp\/v2\/media\/1204"}],"wp:attachment":[{"href":"https:\/\/thelashbox.ca\/fr\/wp-json\/wp\/v2\/media?parent=706"}],"wp:term":[{"taxonomy":"product_brand","embeddable":true,"href":"https:\/\/thelashbox.ca\/fr\/wp-json\/wp\/v2\/product_brand?post=706"},{"taxonomy":"product_cat","embeddable":true,"href":"https:\/\/thelashbox.ca\/fr\/wp-json\/wp\/v2\/product_cat?post=706"},{"taxonomy":"product_tag","embeddable":true,"href":"https:\/\/thelashbox.ca\/fr\/wp-json\/wp\/v2\/product_tag?post=706"}],"curies":[{"name":"wp","href":"https:\/\/api.w.org\/{rel}","templated":true}]}}