{"id":1177,"date":"2023-09-19T19:38:17","date_gmt":"2023-09-19T19:38:17","guid":{"rendered":"https:\/\/thelashbox.ca\/?post_type=product&#038;p=1177"},"modified":"2023-09-19T19:42:09","modified_gmt":"2023-09-19T19:42:09","slug":"paper-tape","status":"publish","type":"product","link":"https:\/\/thelashbox.ca\/fr\/boutique\/rehaussement-de-cils\/outils-accessoires\/paper-tape\/","title":{"rendered":"Tape en papier"},"content":{"rendered":"<p>Le ruban est destin\u00e9 \u00e0 pr\u00e9parer le traitement d\u2019extension des cils. Ruban \u00e9lastique, hypoallerg\u00e9nique, r\u00e9sistant \u00e0 l&rsquo;eau et sans latex.<\/p>\n","protected":false},"excerpt":{"rendered":"<p>Le ruban est destin\u00e9 \u00e0 pr\u00e9parer le traitement d\u2019extension des cils. Ruban \u00e9lastique, hypoallerg\u00e9nique, r\u00e9sistant \u00e0 l&rsquo;eau et sans latex.<\/p>\n","protected":false},"featured_media":1178,"comment_status":"open","ping_status":"closed","template":"","meta":{"_acf_changed":false},"product_brand":[],"product_cat":[72,70,67,81],"product_tag":[],"class_list":{"0":"post-1177","1":"product","2":"type-product","3":"status-publish","4":"has-post-thumbnail","6":"product_cat-accessoires-fr-2","7":"product_cat-accessoires","8":"product_cat-accessoires-fr","9":"product_cat-outils-accessoires","10":"use-star-ratings","12":"first","13":"instock","14":"taxable","15":"shipping-taxable","16":"purchasable","17":"product-type-simple"},"acf":[],"yoast_head":"<!-- This site is optimized with the Yoast SEO plugin v27.5 - https:\/\/yoast.com\/product\/yoast-seo-wordpress\/ -->\n<title>Tape en papier - The Lashbox - Lash extensions and accessories for professional stylists<\/title>\n<meta name=\"robots\" content=\"index, follow, max-snippet:-1, max-image-preview:large, max-video-preview:-1\" \/>\n<link rel=\"canonical\" href=\"https:\/\/thelashbox.ca\/fr\/boutique\/rehaussement-de-cils\/outils-accessoires\/paper-tape\/\" \/>\n<meta property=\"og:locale\" content=\"fr_FR\" \/>\n<meta property=\"og:type\" content=\"article\" \/>\n<meta property=\"og:title\" content=\"Tape en papier - The Lashbox - Lash extensions and accessories for professional stylists\" \/>\n<meta property=\"og:description\" content=\"Le ruban est destin\u00e9 \u00e0 pr\u00e9parer le traitement d\u2019extension des cils. Ruban \u00e9lastique, hypoallerg\u00e9nique, r\u00e9sistant \u00e0 l&rsquo;eau et sans latex.\" \/>\n<meta property=\"og:url\" content=\"https:\/\/thelashbox.ca\/fr\/boutique\/rehaussement-de-cils\/outils-accessoires\/paper-tape\/\" \/>\n<meta property=\"og:site_name\" content=\"The Lashbox - Lash extensions and accessories for professional stylists\" \/>\n<meta property=\"article:modified_time\" content=\"2023-09-19T19:42:09+00:00\" \/>\n<meta property=\"og:image\" content=\"https:\/\/thelashbox.ca\/wp-content\/uploads\/2023\/09\/paper-tape.webp\" \/>\n\t<meta property=\"og:image:width\" content=\"364\" \/>\n\t<meta property=\"og:image:height\" content=\"364\" \/>\n\t<meta property=\"og:image:type\" content=\"image\/webp\" \/>\n<meta name=\"twitter:card\" content=\"summary_large_image\" \/>\n<meta name=\"twitter:label1\" content=\"Dur\u00e9e de lecture estim\u00e9e\" \/>\n\t<meta name=\"twitter:data1\" content=\"1 minute\" \/>\n<script type=\"application\/ld+json\" class=\"yoast-schema-graph\">{\"@context\":\"https:\\\/\\\/schema.org\",\"@graph\":[{\"@type\":\"WebPage\",\"@id\":\"https:\\\/\\\/thelashbox.ca\\\/fr\\\/boutique\\\/rehaussement-de-cils\\\/outils-accessoires\\\/paper-tape\\\/\",\"url\":\"https:\\\/\\\/thelashbox.ca\\\/fr\\\/boutique\\\/rehaussement-de-cils\\\/outils-accessoires\\\/paper-tape\\\/\",\"name\":\"Tape en papier - The Lashbox - Lash extensions and accessories for professional stylists\",\"isPartOf\":{\"@id\":\"https:\\\/\\\/thelashbox.ca\\\/#website\"},\"primaryImageOfPage\":{\"@id\":\"https:\\\/\\\/thelashbox.ca\\\/fr\\\/boutique\\\/rehaussement-de-cils\\\/outils-accessoires\\\/paper-tape\\\/#primaryimage\"},\"image\":{\"@id\":\"https:\\\/\\\/thelashbox.ca\\\/fr\\\/boutique\\\/rehaussement-de-cils\\\/outils-accessoires\\\/paper-tape\\\/#primaryimage\"},\"thumbnailUrl\":\"https:\\\/\\\/thelashbox.ca\\\/wp-content\\\/uploads\\\/2023\\\/09\\\/paper-tape.webp\",\"datePublished\":\"2023-09-19T19:38:17+00:00\",\"dateModified\":\"2023-09-19T19:42:09+00:00\",\"breadcrumb\":{\"@id\":\"https:\\\/\\\/thelashbox.ca\\\/fr\\\/boutique\\\/rehaussement-de-cils\\\/outils-accessoires\\\/paper-tape\\\/#breadcrumb\"},\"inLanguage\":\"fr-FR\",\"potentialAction\":[{\"@type\":\"ReadAction\",\"target\":[\"https:\\\/\\\/thelashbox.ca\\\/fr\\\/boutique\\\/rehaussement-de-cils\\\/outils-accessoires\\\/paper-tape\\\/\"]}]},{\"@type\":\"ImageObject\",\"inLanguage\":\"fr-FR\",\"@id\":\"https:\\\/\\\/thelashbox.ca\\\/fr\\\/boutique\\\/rehaussement-de-cils\\\/outils-accessoires\\\/paper-tape\\\/#primaryimage\",\"url\":\"https:\\\/\\\/thelashbox.ca\\\/wp-content\\\/uploads\\\/2023\\\/09\\\/paper-tape.webp\",\"contentUrl\":\"https:\\\/\\\/thelashbox.ca\\\/wp-content\\\/uploads\\\/2023\\\/09\\\/paper-tape.webp\",\"width\":364,\"height\":364},{\"@type\":\"BreadcrumbList\",\"@id\":\"https:\\\/\\\/thelashbox.ca\\\/fr\\\/boutique\\\/rehaussement-de-cils\\\/outils-accessoires\\\/paper-tape\\\/#breadcrumb\",\"itemListElement\":[{\"@type\":\"ListItem\",\"position\":1,\"name\":\"Home\",\"item\":\"https:\\\/\\\/thelashbox.ca\\\/fr\\\/\"},{\"@type\":\"ListItem\",\"position\":2,\"name\":\"Nos produits\",\"item\":\"https:\\\/\\\/thelashbox.ca\\\/fr\\\/nos-produits\\\/\"},{\"@type\":\"ListItem\",\"position\":3,\"name\":\"Tape en papier\"}]},{\"@type\":\"WebSite\",\"@id\":\"https:\\\/\\\/thelashbox.ca\\\/#website\",\"url\":\"https:\\\/\\\/thelashbox.ca\\\/\",\"name\":\"The Lashbox - Lash extensions and accessories for professional stylists\",\"description\":\"Lash extensions and accessories for professional stylists\",\"potentialAction\":[{\"@type\":\"SearchAction\",\"target\":{\"@type\":\"EntryPoint\",\"urlTemplate\":\"https:\\\/\\\/thelashbox.ca\\\/?s={search_term_string}\"},\"query-input\":{\"@type\":\"PropertyValueSpecification\",\"valueRequired\":true,\"valueName\":\"search_term_string\"}}],\"inLanguage\":\"fr-FR\"}]}<\/script>\n<!-- \/ Yoast SEO plugin. -->","yoast_head_json":{"title":"Tape en papier - The Lashbox - Lash extensions and accessories for professional stylists","robots":{"index":"index","follow":"follow","max-snippet":"max-snippet:-1","max-image-preview":"max-image-preview:large","max-video-preview":"max-video-preview:-1"},"canonical":"https:\/\/thelashbox.ca\/fr\/boutique\/rehaussement-de-cils\/outils-accessoires\/paper-tape\/","og_locale":"fr_FR","og_type":"article","og_title":"Tape en papier - The Lashbox - Lash extensions and accessories for professional stylists","og_description":"Le ruban est destin\u00e9 \u00e0 pr\u00e9parer le traitement d\u2019extension des cils. Ruban \u00e9lastique, hypoallerg\u00e9nique, r\u00e9sistant \u00e0 l&rsquo;eau et sans latex.","og_url":"https:\/\/thelashbox.ca\/fr\/boutique\/rehaussement-de-cils\/outils-accessoires\/paper-tape\/","og_site_name":"The Lashbox - Lash extensions and accessories for professional stylists","article_modified_time":"2023-09-19T19:42:09+00:00","og_image":[{"width":364,"height":364,"url":"https:\/\/thelashbox.ca\/wp-content\/uploads\/2023\/09\/paper-tape.webp","type":"image\/webp"}],"twitter_card":"summary_large_image","twitter_misc":{"Dur\u00e9e de lecture estim\u00e9e":"1 minute"},"schema":{"@context":"https:\/\/schema.org","@graph":[{"@type":"WebPage","@id":"https:\/\/thelashbox.ca\/fr\/boutique\/rehaussement-de-cils\/outils-accessoires\/paper-tape\/","url":"https:\/\/thelashbox.ca\/fr\/boutique\/rehaussement-de-cils\/outils-accessoires\/paper-tape\/","name":"Tape en papier - The Lashbox - Lash extensions and accessories for professional stylists","isPartOf":{"@id":"https:\/\/thelashbox.ca\/#website"},"primaryImageOfPage":{"@id":"https:\/\/thelashbox.ca\/fr\/boutique\/rehaussement-de-cils\/outils-accessoires\/paper-tape\/#primaryimage"},"image":{"@id":"https:\/\/thelashbox.ca\/fr\/boutique\/rehaussement-de-cils\/outils-accessoires\/paper-tape\/#primaryimage"},"thumbnailUrl":"https:\/\/thelashbox.ca\/wp-content\/uploads\/2023\/09\/paper-tape.webp","datePublished":"2023-09-19T19:38:17+00:00","dateModified":"2023-09-19T19:42:09+00:00","breadcrumb":{"@id":"https:\/\/thelashbox.ca\/fr\/boutique\/rehaussement-de-cils\/outils-accessoires\/paper-tape\/#breadcrumb"},"inLanguage":"fr-FR","potentialAction":[{"@type":"ReadAction","target":["https:\/\/thelashbox.ca\/fr\/boutique\/rehaussement-de-cils\/outils-accessoires\/paper-tape\/"]}]},{"@type":"ImageObject","inLanguage":"fr-FR","@id":"https:\/\/thelashbox.ca\/fr\/boutique\/rehaussement-de-cils\/outils-accessoires\/paper-tape\/#primaryimage","url":"https:\/\/thelashbox.ca\/wp-content\/uploads\/2023\/09\/paper-tape.webp","contentUrl":"https:\/\/thelashbox.ca\/wp-content\/uploads\/2023\/09\/paper-tape.webp","width":364,"height":364},{"@type":"BreadcrumbList","@id":"https:\/\/thelashbox.ca\/fr\/boutique\/rehaussement-de-cils\/outils-accessoires\/paper-tape\/#breadcrumb","itemListElement":[{"@type":"ListItem","position":1,"name":"Home","item":"https:\/\/thelashbox.ca\/fr\/"},{"@type":"ListItem","position":2,"name":"Nos produits","item":"https:\/\/thelashbox.ca\/fr\/nos-produits\/"},{"@type":"ListItem","position":3,"name":"Tape en papier"}]},{"@type":"WebSite","@id":"https:\/\/thelashbox.ca\/#website","url":"https:\/\/thelashbox.ca\/","name":"The Lashbox - Lash extensions and accessories for professional stylists","description":"Lash extensions and accessories for professional stylists","potentialAction":[{"@type":"SearchAction","target":{"@type":"EntryPoint","urlTemplate":"https:\/\/thelashbox.ca\/?s={search_term_string}"},"query-input":{"@type":"PropertyValueSpecification","valueRequired":true,"valueName":"search_term_string"}}],"inLanguage":"fr-FR"}]}},"_links":{"self":[{"href":"https:\/\/thelashbox.ca\/fr\/wp-json\/wp\/v2\/product\/1177","targetHints":{"allow":["GET"]}}],"collection":[{"href":"https:\/\/thelashbox.ca\/fr\/wp-json\/wp\/v2\/product"}],"about":[{"href":"https:\/\/thelashbox.ca\/fr\/wp-json\/wp\/v2\/types\/product"}],"replies":[{"embeddable":true,"href":"https:\/\/thelashbox.ca\/fr\/wp-json\/wp\/v2\/comments?post=1177"}],"wp:featuredmedia":[{"embeddable":true,"href":"https:\/\/thelashbox.ca\/fr\/wp-json\/wp\/v2\/media\/1178"}],"wp:attachment":[{"href":"https:\/\/thelashbox.ca\/fr\/wp-json\/wp\/v2\/media?parent=1177"}],"wp:term":[{"taxonomy":"product_brand","embeddable":true,"href":"https:\/\/thelashbox.ca\/fr\/wp-json\/wp\/v2\/product_brand?post=1177"},{"taxonomy":"product_cat","embeddable":true,"href":"https:\/\/thelashbox.ca\/fr\/wp-json\/wp\/v2\/product_cat?post=1177"},{"taxonomy":"product_tag","embeddable":true,"href":"https:\/\/thelashbox.ca\/fr\/wp-json\/wp\/v2\/product_tag?post=1177"}],"curies":[{"name":"wp","href":"https:\/\/api.w.org\/{rel}","templated":true}]}}