{"id":1158,"date":"2023-09-19T18:20:21","date_gmt":"2023-09-19T18:20:21","guid":{"rendered":"https:\/\/thelashbox.ca\/?post_type=product&#038;p=1158"},"modified":"2024-11-10T22:33:49","modified_gmt":"2024-11-10T22:33:49","slug":"ventilateur-sans-pales","status":"publish","type":"product","link":"https:\/\/thelashbox.ca\/fr\/boutique\/rehaussement-de-cils\/outils-accessoires\/ventilateur-sans-pales\/","title":{"rendered":"Ventilateur sans pales"},"content":{"rendered":"<p>L&rsquo;\u00e9ventail sans lame est un outil pratique pour l&rsquo;extension de cils pour faire s\u00e9cher la colle plus rapidement apr\u00e8s que vous puissiez souffler les cils cette application et laisser les clients ouvrir leurs yeux apr\u00e8s qu&rsquo;ils soient compl\u00e8tement secs <\/p>\n","protected":false},"excerpt":{"rendered":"<p>Le ventilateur sans pales peut absorber le vent \u00e0 360 degr\u00e9s et fournit une brise puissante et douce. Design l\u00e9ger et compact, facile \u00e0 transporter quand vous le souhaitez. <\/p>\n","protected":false},"featured_media":1157,"comment_status":"open","ping_status":"closed","template":"","meta":{"_acf_changed":false},"product_brand":[],"product_cat":[67,70,81],"product_tag":[],"class_list":{"0":"post-1158","1":"product","2":"type-product","3":"status-publish","4":"has-post-thumbnail","6":"product_cat-accessoires-fr","7":"product_cat-accessoires","8":"product_cat-outils-accessoires","9":"use-star-ratings","11":"first","12":"instock","13":"taxable","14":"shipping-taxable","15":"purchasable","16":"product-type-simple"},"acf":[],"yoast_head":"<!-- This site is optimized with the Yoast SEO plugin v27.5 - https:\/\/yoast.com\/product\/yoast-seo-wordpress\/ -->\n<title>Ventilateur sans pales - The Lashbox - Lash extensions and accessories for professional stylists<\/title>\n<meta name=\"robots\" content=\"index, follow, max-snippet:-1, max-image-preview:large, max-video-preview:-1\" \/>\n<link rel=\"canonical\" href=\"https:\/\/thelashbox.ca\/fr\/boutique\/rehaussement-de-cils\/outils-accessoires\/ventilateur-sans-pales\/\" \/>\n<meta property=\"og:locale\" content=\"fr_FR\" \/>\n<meta property=\"og:type\" content=\"article\" \/>\n<meta property=\"og:title\" content=\"Ventilateur sans pales - The Lashbox - Lash extensions and accessories for professional stylists\" \/>\n<meta property=\"og:description\" content=\"Le ventilateur sans pales peut absorber le vent \u00e0 360 degr\u00e9s et fournit une brise puissante et douce. Design l\u00e9ger et compact, facile \u00e0 transporter quand vous le souhaitez.\" \/>\n<meta property=\"og:url\" content=\"https:\/\/thelashbox.ca\/fr\/boutique\/rehaussement-de-cils\/outils-accessoires\/ventilateur-sans-pales\/\" \/>\n<meta property=\"og:site_name\" content=\"The Lashbox - Lash extensions and accessories for professional stylists\" \/>\n<meta property=\"article:modified_time\" content=\"2024-11-10T22:33:49+00:00\" \/>\n<meta property=\"og:image\" content=\"https:\/\/thelashbox.ca\/wp-content\/uploads\/2023\/09\/pink-fan.webp\" \/>\n\t<meta property=\"og:image:width\" content=\"1238\" \/>\n\t<meta property=\"og:image:height\" content=\"1238\" \/>\n\t<meta property=\"og:image:type\" content=\"image\/webp\" \/>\n<meta name=\"twitter:card\" content=\"summary_large_image\" \/>\n<meta name=\"twitter:label1\" content=\"Dur\u00e9e de lecture estim\u00e9e\" \/>\n\t<meta name=\"twitter:data1\" content=\"1 minute\" \/>\n<script type=\"application\/ld+json\" class=\"yoast-schema-graph\">{\"@context\":\"https:\\\/\\\/schema.org\",\"@graph\":[{\"@type\":\"WebPage\",\"@id\":\"https:\\\/\\\/thelashbox.ca\\\/fr\\\/boutique\\\/rehaussement-de-cils\\\/outils-accessoires\\\/ventilateur-sans-pales\\\/\",\"url\":\"https:\\\/\\\/thelashbox.ca\\\/fr\\\/boutique\\\/rehaussement-de-cils\\\/outils-accessoires\\\/ventilateur-sans-pales\\\/\",\"name\":\"Ventilateur sans pales - The Lashbox - Lash extensions and accessories for professional stylists\",\"isPartOf\":{\"@id\":\"https:\\\/\\\/thelashbox.ca\\\/#website\"},\"primaryImageOfPage\":{\"@id\":\"https:\\\/\\\/thelashbox.ca\\\/fr\\\/boutique\\\/rehaussement-de-cils\\\/outils-accessoires\\\/ventilateur-sans-pales\\\/#primaryimage\"},\"image\":{\"@id\":\"https:\\\/\\\/thelashbox.ca\\\/fr\\\/boutique\\\/rehaussement-de-cils\\\/outils-accessoires\\\/ventilateur-sans-pales\\\/#primaryimage\"},\"thumbnailUrl\":\"https:\\\/\\\/thelashbox.ca\\\/wp-content\\\/uploads\\\/2023\\\/09\\\/pink-fan.webp\",\"datePublished\":\"2023-09-19T18:20:21+00:00\",\"dateModified\":\"2024-11-10T22:33:49+00:00\",\"breadcrumb\":{\"@id\":\"https:\\\/\\\/thelashbox.ca\\\/fr\\\/boutique\\\/rehaussement-de-cils\\\/outils-accessoires\\\/ventilateur-sans-pales\\\/#breadcrumb\"},\"inLanguage\":\"fr-FR\",\"potentialAction\":[{\"@type\":\"ReadAction\",\"target\":[\"https:\\\/\\\/thelashbox.ca\\\/fr\\\/boutique\\\/rehaussement-de-cils\\\/outils-accessoires\\\/ventilateur-sans-pales\\\/\"]}]},{\"@type\":\"ImageObject\",\"inLanguage\":\"fr-FR\",\"@id\":\"https:\\\/\\\/thelashbox.ca\\\/fr\\\/boutique\\\/rehaussement-de-cils\\\/outils-accessoires\\\/ventilateur-sans-pales\\\/#primaryimage\",\"url\":\"https:\\\/\\\/thelashbox.ca\\\/wp-content\\\/uploads\\\/2023\\\/09\\\/pink-fan.webp\",\"contentUrl\":\"https:\\\/\\\/thelashbox.ca\\\/wp-content\\\/uploads\\\/2023\\\/09\\\/pink-fan.webp\",\"width\":1238,\"height\":1238},{\"@type\":\"BreadcrumbList\",\"@id\":\"https:\\\/\\\/thelashbox.ca\\\/fr\\\/boutique\\\/rehaussement-de-cils\\\/outils-accessoires\\\/ventilateur-sans-pales\\\/#breadcrumb\",\"itemListElement\":[{\"@type\":\"ListItem\",\"position\":1,\"name\":\"Home\",\"item\":\"https:\\\/\\\/thelashbox.ca\\\/fr\\\/\"},{\"@type\":\"ListItem\",\"position\":2,\"name\":\"Nos produits\",\"item\":\"https:\\\/\\\/thelashbox.ca\\\/fr\\\/nos-produits\\\/\"},{\"@type\":\"ListItem\",\"position\":3,\"name\":\"Ventilateur sans pales\"}]},{\"@type\":\"WebSite\",\"@id\":\"https:\\\/\\\/thelashbox.ca\\\/#website\",\"url\":\"https:\\\/\\\/thelashbox.ca\\\/\",\"name\":\"The Lashbox - Lash extensions and accessories for professional stylists\",\"description\":\"Lash extensions and accessories for professional stylists\",\"potentialAction\":[{\"@type\":\"SearchAction\",\"target\":{\"@type\":\"EntryPoint\",\"urlTemplate\":\"https:\\\/\\\/thelashbox.ca\\\/?s={search_term_string}\"},\"query-input\":{\"@type\":\"PropertyValueSpecification\",\"valueRequired\":true,\"valueName\":\"search_term_string\"}}],\"inLanguage\":\"fr-FR\"}]}<\/script>\n<!-- \/ Yoast SEO plugin. -->","yoast_head_json":{"title":"Ventilateur sans pales - The Lashbox - Lash extensions and accessories for professional stylists","robots":{"index":"index","follow":"follow","max-snippet":"max-snippet:-1","max-image-preview":"max-image-preview:large","max-video-preview":"max-video-preview:-1"},"canonical":"https:\/\/thelashbox.ca\/fr\/boutique\/rehaussement-de-cils\/outils-accessoires\/ventilateur-sans-pales\/","og_locale":"fr_FR","og_type":"article","og_title":"Ventilateur sans pales - The Lashbox - Lash extensions and accessories for professional stylists","og_description":"Le ventilateur sans pales peut absorber le vent \u00e0 360 degr\u00e9s et fournit une brise puissante et douce. Design l\u00e9ger et compact, facile \u00e0 transporter quand vous le souhaitez.","og_url":"https:\/\/thelashbox.ca\/fr\/boutique\/rehaussement-de-cils\/outils-accessoires\/ventilateur-sans-pales\/","og_site_name":"The Lashbox - Lash extensions and accessories for professional stylists","article_modified_time":"2024-11-10T22:33:49+00:00","og_image":[{"width":1238,"height":1238,"url":"https:\/\/thelashbox.ca\/wp-content\/uploads\/2023\/09\/pink-fan.webp","type":"image\/webp"}],"twitter_card":"summary_large_image","twitter_misc":{"Dur\u00e9e de lecture estim\u00e9e":"1 minute"},"schema":{"@context":"https:\/\/schema.org","@graph":[{"@type":"WebPage","@id":"https:\/\/thelashbox.ca\/fr\/boutique\/rehaussement-de-cils\/outils-accessoires\/ventilateur-sans-pales\/","url":"https:\/\/thelashbox.ca\/fr\/boutique\/rehaussement-de-cils\/outils-accessoires\/ventilateur-sans-pales\/","name":"Ventilateur sans pales - The Lashbox - Lash extensions and accessories for professional stylists","isPartOf":{"@id":"https:\/\/thelashbox.ca\/#website"},"primaryImageOfPage":{"@id":"https:\/\/thelashbox.ca\/fr\/boutique\/rehaussement-de-cils\/outils-accessoires\/ventilateur-sans-pales\/#primaryimage"},"image":{"@id":"https:\/\/thelashbox.ca\/fr\/boutique\/rehaussement-de-cils\/outils-accessoires\/ventilateur-sans-pales\/#primaryimage"},"thumbnailUrl":"https:\/\/thelashbox.ca\/wp-content\/uploads\/2023\/09\/pink-fan.webp","datePublished":"2023-09-19T18:20:21+00:00","dateModified":"2024-11-10T22:33:49+00:00","breadcrumb":{"@id":"https:\/\/thelashbox.ca\/fr\/boutique\/rehaussement-de-cils\/outils-accessoires\/ventilateur-sans-pales\/#breadcrumb"},"inLanguage":"fr-FR","potentialAction":[{"@type":"ReadAction","target":["https:\/\/thelashbox.ca\/fr\/boutique\/rehaussement-de-cils\/outils-accessoires\/ventilateur-sans-pales\/"]}]},{"@type":"ImageObject","inLanguage":"fr-FR","@id":"https:\/\/thelashbox.ca\/fr\/boutique\/rehaussement-de-cils\/outils-accessoires\/ventilateur-sans-pales\/#primaryimage","url":"https:\/\/thelashbox.ca\/wp-content\/uploads\/2023\/09\/pink-fan.webp","contentUrl":"https:\/\/thelashbox.ca\/wp-content\/uploads\/2023\/09\/pink-fan.webp","width":1238,"height":1238},{"@type":"BreadcrumbList","@id":"https:\/\/thelashbox.ca\/fr\/boutique\/rehaussement-de-cils\/outils-accessoires\/ventilateur-sans-pales\/#breadcrumb","itemListElement":[{"@type":"ListItem","position":1,"name":"Home","item":"https:\/\/thelashbox.ca\/fr\/"},{"@type":"ListItem","position":2,"name":"Nos produits","item":"https:\/\/thelashbox.ca\/fr\/nos-produits\/"},{"@type":"ListItem","position":3,"name":"Ventilateur sans pales"}]},{"@type":"WebSite","@id":"https:\/\/thelashbox.ca\/#website","url":"https:\/\/thelashbox.ca\/","name":"The Lashbox - Lash extensions and accessories for professional stylists","description":"Lash extensions and accessories for professional stylists","potentialAction":[{"@type":"SearchAction","target":{"@type":"EntryPoint","urlTemplate":"https:\/\/thelashbox.ca\/?s={search_term_string}"},"query-input":{"@type":"PropertyValueSpecification","valueRequired":true,"valueName":"search_term_string"}}],"inLanguage":"fr-FR"}]}},"_links":{"self":[{"href":"https:\/\/thelashbox.ca\/fr\/wp-json\/wp\/v2\/product\/1158","targetHints":{"allow":["GET"]}}],"collection":[{"href":"https:\/\/thelashbox.ca\/fr\/wp-json\/wp\/v2\/product"}],"about":[{"href":"https:\/\/thelashbox.ca\/fr\/wp-json\/wp\/v2\/types\/product"}],"replies":[{"embeddable":true,"href":"https:\/\/thelashbox.ca\/fr\/wp-json\/wp\/v2\/comments?post=1158"}],"wp:featuredmedia":[{"embeddable":true,"href":"https:\/\/thelashbox.ca\/fr\/wp-json\/wp\/v2\/media\/1157"}],"wp:attachment":[{"href":"https:\/\/thelashbox.ca\/fr\/wp-json\/wp\/v2\/media?parent=1158"}],"wp:term":[{"taxonomy":"product_brand","embeddable":true,"href":"https:\/\/thelashbox.ca\/fr\/wp-json\/wp\/v2\/product_brand?post=1158"},{"taxonomy":"product_cat","embeddable":true,"href":"https:\/\/thelashbox.ca\/fr\/wp-json\/wp\/v2\/product_cat?post=1158"},{"taxonomy":"product_tag","embeddable":true,"href":"https:\/\/thelashbox.ca\/fr\/wp-json\/wp\/v2\/product_tag?post=1158"}],"curies":[{"name":"wp","href":"https:\/\/api.w.org\/{rel}","templated":true}]}}