{"id":477,"date":"2022-05-11T16:48:15","date_gmt":"2022-05-11T16:48:15","guid":{"rendered":"http:\/\/localhost\/redbox\/sagestarterwoo\/about\/"},"modified":"2022-09-28T18:44:00","modified_gmt":"2022-09-28T18:44:00","slug":"a-propos","status":"publish","type":"page","link":"https:\/\/thelashbox.ca\/fr\/a-propos\/","title":{"rendered":"\u00c0 propos"},"content":{"rendered":"<section class=\"banner-single-page\">\n<div class=\"container\">\n    <div class='row'>\n            <div class=\"col-md-12 col-12 \">\n                \n                    <h1><span>A propos<\/span><\/h1>\n                    <img decoding=\"async\" class=\"container_bg\" src=\"https:\/\/thelashbox.ca\/wp-content\/uploads\/2022\/09\/banner-a-propos.jpg\" \/>\n               \n            <\/div>\n            \n    <\/div>\n<\/div>\n\n<\/section>\n<script>\n\n    \/\/Resize window\nfunction resize() {\n  if ($(window).width() <  575.98) {\n    $('.container_bg').addClass('mobile');\n    $('.container_bg.mobile').attr('src', 'https:\/\/thelashbox.ca\/wp-content\/uploads\/2022\/09\/Rectangle-58.jpg' );\n  }else{\n    $('.container_bg').removeClass('mobile');\n    $('.container_bg').attr('src', 'https:\/\/thelashbox.ca\/wp-content\/uploads\/2022\/09\/banner-a-propos.jpg' );\n  }\n}\n\n\/\/watch window resize\nresize();\n$(window).on('resize', function() {\n  resize();\n});\n<\/script>\n\n\n\n\n<section class=\"text-2col\">\n<div class=\"container\">\n    <div class='row'>\n            <div class=\"col-md-5 col-12 left\">\n                <div class='block'>\n                    <h2><span>plus fort ensemble<\/span><\/h2>\n                <\/div>\n            <\/div>\n            <div class=\"col-md-7 col-12 right\">\n                <div class='content'>\n                    <p><strong>Sur la base de nos 10 ans combin\u00e9s dans l&rsquo;industrie de la beaut\u00e9, nos normes et exigences \u00e9lev\u00e9es vous assurent un service de qualit\u00e9 et des produits de haute performance. <\/strong><\/p>\n<p>Notre slogan \u00ab Plus forts ensemble \u00bb ne pouvait mieux refl\u00e9ter l&rsquo;esprit d&rsquo;union et de fraternit\u00e9 qui guide chacune de nos d\u00e9cisions et l&rsquo;alliance de nos forces qui se compl\u00e8tent et s&#8217;embo\u00eetent parfaitement.<\/p>\n<p>Si vous \u00eates passionn\u00e9 de bien-\u00eatre, p\u00e9tillant et plein de vie vous avez trouv\u00e9 une \u00e9quipe qui vous ressemble et saura prendre soin de vous.<\/p>\n\n                <\/div>\n            <\/div>\n    <\/div>\n<\/div>\n\n<\/section>\n\n\n\n\n\n<section class=\"slider-image-text\">\n<div class=\"container\">\n            <div id=\"demo\" class=\"carousel slide\" data-ride=\"carousel\">\n        <!-- Indicateurs -->\n        <!-- <ul class=\"carousel-indicators\">\n          <li data-target=\"#demo\" data-slide-to=\"0\" class=\"active\"><\/li>\n          <li data-target=\"#demo\" data-slide-to=\"1\"><\/li>\n          <li data-target=\"#demo\" data-slide-to=\"2\"><\/li>\n        <\/ul> -->\n\n        <!-- Carrousel -->\n        <div class=\"carousel-inner container \">\n               \n                      <div class=\"carousel-item row active\">\n                <div class=\"col-12 col-sm-12 col-md-6 col-lg-6 col-xs-12 left\" style=\"background-image: url(https:\/\/thelashbox.ca\/wp-content\/uploads\/2022\/05\/Rectangle-42-2.png);\">\n                         \n              <\/div>\n              <div class=\"col-12 col-sm-12 col-md-6 col-lg-6  col-xs-12 right\">\n                <div class=\"block\">\n                  <div class=\"content\">\n                                            <h2 class=\"title\"><span>notre mission<\/span><\/h2>\n                                                <div class=\"text\"><p>L&rsquo;esth\u00e9tique est bien plus qu&rsquo;une apparence, c&rsquo;est une r\u00e9putation, une qualit\u00e9 de vie, il s&rsquo;agit d&rsquo;\u00eatre \u00e0 son meilleur.<\/p>\n<p>Prendre soin de soi inspire confiance, bien-\u00eatre et estime de soi. Vous et vos clients le m\u00e9ritez et nous voulons vous aider \u00e0 projeter ces valeurs importantes aupr\u00e8s de votre entreprise et de vos clients, pour r\u00e9v\u00e9ler la d\u00e9esse en vous et surtout, pour que vous vous sentiez \u00e0 votre meilleur \u00e0 tout moment.<\/p>\n<p>C&rsquo;est pourquoi nous faisons plus que simplement am\u00e9liorer votre look, nous nous engageons avec vous dans l&rsquo;\u00e9panouissement et l&rsquo;affirmation de qui vous \u00eates. Eclairons ensemble notre vision, \u00ab bienvenue dans la famille \u00bb.<\/p>\n<\/div>\n                           \n                                            <\/div>\n                <\/div>\n              <\/div>\n            <\/div>\n                                  <div class=\"carousel-item row \">\n                <div class=\"col-12 col-sm-12 col-md-6 col-lg-6 col-xs-12 left\" style=\"background-image: url(https:\/\/thelashbox.ca\/wp-content\/uploads\/2022\/06\/ourteam.png);\">\n                         \n              <\/div>\n              <div class=\"col-12 col-sm-12 col-md-6 col-lg-6  col-xs-12 right\">\n                <div class=\"block\">\n                  <div class=\"content\">\n                                            <h2 class=\"title\"><span>notre \u00e9quipe<\/span><\/h2>\n                                                <div class=\"text\"><p>Chaque membre de notre petite famille d&rsquo;affaires apporte sa touche personnelle au projet! Que vous souhaitiez profiter de nos services, participer \u00e0 nos formations ou acheter nos fournitures pour votre entreprise.<\/p>\n<p>Notre p\u00e9tillante Alexsandra, notre charmante Cassandra et notre douce Carina \u00e9gayeront non seulement votre journ\u00e9e, mais sauront \u00e9galement vous conseiller avec comp\u00e9tence et exp\u00e9rience.<\/p>\n<\/div>\n                           \n                                                    <div class=\"cta\">\n                              <a class=\"button black\" href=\"http:\/\/localhost\/redbox\/sagestarterwoo\/categorie-produit\/our-products\/\" target=\"\"><span>voir nos produits<\/span><\/a>\n                          <\/div>\n                                            <\/div>\n                <\/div>\n              <\/div>\n            <\/div>\n                           \n       \n\n        \n      <\/div>\n      <!-- Contr\u00f4les -->\n      <div class=\"control-slider\">\n          <a class=\"carousel-control-prev\" href=\"#demo\" role=\"button\" data-slide=\"prev\">\n            <span class=\"carousel-control-prev-icon\" aria-hidden=\"true\"><\/span>\n            <span class=\"sr-only\">Pr\u00e9c\u00e9dent<\/span>\n          <\/a>\n          <a class=\"carousel-control-next\" href=\"#demo\" role=\"button\" data-slide=\"next\">\n            <span class=\"carousel-control-next-icon\" aria-hidden=\"true\"><\/span>\n            <span class=\"sr-only\">Suivant<\/span>\n          <\/a>\n        <\/div>\n    <\/div>\n<\/section>","protected":false},"excerpt":{"rendered":"","protected":false},"author":6,"featured_media":0,"parent":0,"menu_order":0,"comment_status":"closed","ping_status":"closed","template":"views\/template-module.blade.php","meta":{"_acf_changed":false,"footnotes":""},"class_list":["post-477","page","type-page","status-publish","hentry"],"acf":[],"yoast_head":"<!-- This site is optimized with the Yoast SEO plugin v27.5 - https:\/\/yoast.com\/product\/yoast-seo-wordpress\/ -->\n<title>\u00c0 propos - The Lashbox - Lash extensions and accessories for professional stylists<\/title>\n<meta name=\"robots\" content=\"index, follow, max-snippet:-1, max-image-preview:large, max-video-preview:-1\" \/>\n<link rel=\"canonical\" href=\"https:\/\/thelashbox.ca\/fr\/a-propos\/\" \/>\n<meta property=\"og:locale\" content=\"fr_FR\" \/>\n<meta property=\"og:type\" content=\"article\" \/>\n<meta property=\"og:title\" content=\"\u00c0 propos - The Lashbox - Lash extensions and accessories for professional stylists\" \/>\n<meta property=\"og:url\" content=\"https:\/\/thelashbox.ca\/fr\/a-propos\/\" \/>\n<meta property=\"og:site_name\" content=\"The Lashbox - Lash extensions and accessories for professional stylists\" \/>\n<meta property=\"article:modified_time\" content=\"2022-09-28T18:44:00+00:00\" \/>\n<meta name=\"twitter:card\" content=\"summary_large_image\" \/>\n<script type=\"application\/ld+json\" class=\"yoast-schema-graph\">{\"@context\":\"https:\\\/\\\/schema.org\",\"@graph\":[{\"@type\":\"WebPage\",\"@id\":\"https:\\\/\\\/thelashbox.ca\\\/fr\\\/a-propos\\\/\",\"url\":\"https:\\\/\\\/thelashbox.ca\\\/fr\\\/a-propos\\\/\",\"name\":\"\u00c0 propos - The Lashbox - Lash extensions and accessories for professional stylists\",\"isPartOf\":{\"@id\":\"https:\\\/\\\/thelashbox.ca\\\/#website\"},\"datePublished\":\"2022-05-11T16:48:15+00:00\",\"dateModified\":\"2022-09-28T18:44:00+00:00\",\"breadcrumb\":{\"@id\":\"https:\\\/\\\/thelashbox.ca\\\/fr\\\/a-propos\\\/#breadcrumb\"},\"inLanguage\":\"fr-FR\",\"potentialAction\":[{\"@type\":\"ReadAction\",\"target\":[\"https:\\\/\\\/thelashbox.ca\\\/fr\\\/a-propos\\\/\"]}]},{\"@type\":\"BreadcrumbList\",\"@id\":\"https:\\\/\\\/thelashbox.ca\\\/fr\\\/a-propos\\\/#breadcrumb\",\"itemListElement\":[{\"@type\":\"ListItem\",\"position\":1,\"name\":\"Home\",\"item\":\"https:\\\/\\\/thelashbox.ca\\\/fr\\\/\"},{\"@type\":\"ListItem\",\"position\":2,\"name\":\"\u00c0 propos\"}]},{\"@type\":\"WebSite\",\"@id\":\"https:\\\/\\\/thelashbox.ca\\\/#website\",\"url\":\"https:\\\/\\\/thelashbox.ca\\\/\",\"name\":\"The Lashbox - Lash extensions and accessories for professional stylists\",\"description\":\"Lash extensions and accessories for professional stylists\",\"potentialAction\":[{\"@type\":\"SearchAction\",\"target\":{\"@type\":\"EntryPoint\",\"urlTemplate\":\"https:\\\/\\\/thelashbox.ca\\\/?s={search_term_string}\"},\"query-input\":{\"@type\":\"PropertyValueSpecification\",\"valueRequired\":true,\"valueName\":\"search_term_string\"}}],\"inLanguage\":\"fr-FR\"}]}<\/script>\n<!-- \/ Yoast SEO plugin. -->","yoast_head_json":{"title":"\u00c0 propos - The Lashbox - Lash extensions and accessories for professional stylists","robots":{"index":"index","follow":"follow","max-snippet":"max-snippet:-1","max-image-preview":"max-image-preview:large","max-video-preview":"max-video-preview:-1"},"canonical":"https:\/\/thelashbox.ca\/fr\/a-propos\/","og_locale":"fr_FR","og_type":"article","og_title":"\u00c0 propos - The Lashbox - Lash extensions and accessories for professional stylists","og_url":"https:\/\/thelashbox.ca\/fr\/a-propos\/","og_site_name":"The Lashbox - Lash extensions and accessories for professional stylists","article_modified_time":"2022-09-28T18:44:00+00:00","twitter_card":"summary_large_image","schema":{"@context":"https:\/\/schema.org","@graph":[{"@type":"WebPage","@id":"https:\/\/thelashbox.ca\/fr\/a-propos\/","url":"https:\/\/thelashbox.ca\/fr\/a-propos\/","name":"\u00c0 propos - The Lashbox - Lash extensions and accessories for professional stylists","isPartOf":{"@id":"https:\/\/thelashbox.ca\/#website"},"datePublished":"2022-05-11T16:48:15+00:00","dateModified":"2022-09-28T18:44:00+00:00","breadcrumb":{"@id":"https:\/\/thelashbox.ca\/fr\/a-propos\/#breadcrumb"},"inLanguage":"fr-FR","potentialAction":[{"@type":"ReadAction","target":["https:\/\/thelashbox.ca\/fr\/a-propos\/"]}]},{"@type":"BreadcrumbList","@id":"https:\/\/thelashbox.ca\/fr\/a-propos\/#breadcrumb","itemListElement":[{"@type":"ListItem","position":1,"name":"Home","item":"https:\/\/thelashbox.ca\/fr\/"},{"@type":"ListItem","position":2,"name":"\u00c0 propos"}]},{"@type":"WebSite","@id":"https:\/\/thelashbox.ca\/#website","url":"https:\/\/thelashbox.ca\/","name":"The Lashbox - Lash extensions and accessories for professional stylists","description":"Lash extensions and accessories for professional stylists","potentialAction":[{"@type":"SearchAction","target":{"@type":"EntryPoint","urlTemplate":"https:\/\/thelashbox.ca\/?s={search_term_string}"},"query-input":{"@type":"PropertyValueSpecification","valueRequired":true,"valueName":"search_term_string"}}],"inLanguage":"fr-FR"}]}},"_links":{"self":[{"href":"https:\/\/thelashbox.ca\/fr\/wp-json\/wp\/v2\/pages\/477","targetHints":{"allow":["GET"]}}],"collection":[{"href":"https:\/\/thelashbox.ca\/fr\/wp-json\/wp\/v2\/pages"}],"about":[{"href":"https:\/\/thelashbox.ca\/fr\/wp-json\/wp\/v2\/types\/page"}],"author":[{"embeddable":true,"href":"https:\/\/thelashbox.ca\/fr\/wp-json\/wp\/v2\/users\/6"}],"replies":[{"embeddable":true,"href":"https:\/\/thelashbox.ca\/fr\/wp-json\/wp\/v2\/comments?post=477"}],"version-history":[{"count":6,"href":"https:\/\/thelashbox.ca\/fr\/wp-json\/wp\/v2\/pages\/477\/revisions"}],"predecessor-version":[{"id":661,"href":"https:\/\/thelashbox.ca\/fr\/wp-json\/wp\/v2\/pages\/477\/revisions\/661"}],"wp:attachment":[{"href":"https:\/\/thelashbox.ca\/fr\/wp-json\/wp\/v2\/media?parent=477"}],"curies":[{"name":"wp","href":"https:\/\/api.w.org\/{rel}","templated":true}]}}